{"id":38,"date":"2021-10-26T14:21:59","date_gmt":"2021-10-26T14:21:59","guid":{"rendered":"https:\/\/kapupiemineklis.lv\/?page_id=38"},"modified":"2021-11-05T17:28:15","modified_gmt":"2021-11-05T17:28:15","slug":"%d0%bf%d1%80%d0%b0%d0%b2%d0%b8%d0%bb%d0%b0-2","status":"publish","type":"page","link":"https:\/\/kapupiemineklis.lv\/ru\/%d0%bf%d1%80%d0%b0%d0%b2%d0%b8%d0%bb%d0%b0-2\/","title":{"rendered":"\u0423\u0441\u043b\u043e\u0432\u0438\u044f"},"content":{"rendered":"<div data-elementor-type=\"wp-page\" data-elementor-id=\"38\" class=\"elementor elementor-38\">\n\t\t\t\t\t\t<section class=\"elementor-section elementor-top-section elementor-element elementor-element-4955dd06 elementor-section-boxed elementor-section-height-default elementor-section-height-default\" data-id=\"4955dd06\" data-element_type=\"section\">\n\t\t\t\t\t\t<div class=\"elementor-container elementor-column-gap-default\">\n\t\t\t\t\t<div class=\"elementor-column elementor-col-100 elementor-top-column elementor-element elementor-element-138aa05e\" data-id=\"138aa05e\" data-element_type=\"column\">\n\t\t\t<div class=\"elementor-widget-wrap elementor-element-populated\">\n\t\t\t\t\t\t<div class=\"elementor-element elementor-element-321d64 elementor-widget elementor-widget-text-editor\" data-id=\"321d64\" data-element_type=\"widget\" data-widget_type=\"text-editor.default\">\n\t\t\t\t<div class=\"elementor-widget-container\">\n\t\t\t\t\t\t\t\t\t<p>IK&#8221;\u0160\u0136\u0112RSIELA&#8221;, re\u0123. nr.40002033311, adres\u0113 R\u012bga, Mellu\u017eu 7, bankas konts: LV33HABA0551038745103, turpm\u0101k \u2013 internetveikals \u2013 nodro\u0161ina m\u0101jas lap\u0101 pieejamo saturu un p\u0101rdod preces saska\u0146\u0101 ar zem\u0101k izkl\u0101st\u012btajiem Lieto\u0161anas noteikumiem.<\/p>\n<ol>\n<li><strong> Visp<\/strong><strong>\u0101<\/strong><strong>r<\/strong><strong>\u012b<\/strong><strong>gie noteikumi<\/strong><\/li>\n<\/ol>\n<p>Ja pat\u0113r\u0113t\u0101js, izmantojot m\u0101jas lapas starpniec\u012bbu ieg\u0101d\u0101jas preces, tad \u0161\u0101da savstarp\u0113ja vieno\u0161an\u0101s tiek uzskat\u012bta par Distances l\u012bgumu un ir pak\u013cauta Latvijas Republikas ties\u012bbu norm\u0101m, kas regul\u0113 distances l\u012bgumu tai skait\u0101, bet ne tikai, Latvijas Republikas \u201ePat\u0113r\u0113t\u0101ju ties\u012bbu aizsardz\u012bbas likums\u201d, Latvijas Republikas Ministru Kabineta noteikumiem \u201eNoteikumi par distances l\u012bgumu\u201d u.c.<\/p>\n<ol start=\"2\">\n<li><strong> Pirkumu veik\u0161ana<\/strong><\/li>\n<\/ol>\n<p>Interneta veikal\u0101 p\u0101rdoto produktu cenas un specifik\u0101cija ir nor\u0101d\u012btas blakus produktiem.<\/p>\n<p>Lai veiktu pas\u016bt\u012bjumu, pievienojiet v\u0113lamos produktus iepirkumu grozam. Aizpildiet visus nepiecie\u0161amos laukus un izv\u0113l\u0113ties piem\u0113rot\u0101ko pieg\u0101des veidu. Pas\u016bt\u012bjuma kop\u0113j\u0101s izmaksas ar pieg\u0101di p\u0113c tam tiek par\u0101d\u012btas uz ekr\u0101na.<\/p>\n<ol start=\"3\">\n<li><strong> Apmaksas noteikumi<\/strong><\/li>\n<\/ol>\n<p>Nor\u0113\u0137inu val\u016bta vietn\u0113 ir eiro. Pirkumu iesp\u0113jams apmaks\u0101t izv\u0113loties sekojo\u0161as maks\u0101jumu metodes:<\/p>\n<ul>\n<li>Apmaksa ar p\u0113capmaksu \u2013 pabeidziet pas\u016bt\u012bjumu un veiciet apmaksu uz nor\u0101d\u012bto kontu caur savu internetbanku. R\u0113\u0137ins autom\u0101tiski pien\u0101ks J\u016bsu epast\u0101.<\/li>\n<li>Apmaksa ar p\u0113capmaksu pie pre\u010du sa\u0146em\u0161anas<\/li>\n<li>Ja nepiecie\u0161ams citas apmaksas metodes, l\u016bdzu sazinieties ar mums.<\/li>\n<\/ul>\n<p>L\u012bgums st\u0101jas sp\u0113k\u0101 l\u012bdz ar veiksm\u012bgu maks\u0101jumu Ja k\u0101du iemeslu d\u0113\u013c pas\u016bt\u012bjumu izpild\u012bt neb\u016bs iesp\u0113jams, Pirc\u0113js par to tiks inform\u0113ts.<\/p>\n<ol start=\"4\">\n<li><strong> Pieg<\/strong><strong>\u0101<\/strong><strong>des noteikumi<\/strong><\/li>\n<\/ol>\n<p>Preces tiek pieg\u0101d\u0101tas uz gan Latvij\u0101, gan citviet Eirop\u0101 p\u0113c piepras\u012bjuma. P\u0113c piepras\u012bjuma, iesp\u0113jams, pieg\u0101d\u0101t ar\u012b citviet Eirop\u0101 un pasaul\u0113. Ieg\u0101d\u0101t\u0101s preces tiek pieg\u0101d\u0101tas izmantojot: M\u016bsu transportu vai Eirop\u0101 ar pieg\u0101d\u0101t\u0101ju starpniec\u012bbu. L\u016bdzu preciz\u0113t person\u012bgi, ja nepiecie\u0161ama pieg\u0101de, vai ir radu\u0161ies jaut\u0101jumi.<\/p>\n<ol start=\"5\">\n<li><strong> Atteikuma ties<\/strong><strong>\u012b<\/strong><strong>bas<\/strong><\/li>\n<li><strong> Pat<\/strong><strong>\u0113<\/strong><strong>r<\/strong><strong>\u0113<\/strong><strong>t<\/strong><strong>\u0101<\/strong><strong>ja ties<\/strong><strong>\u012b<\/strong><strong>bas par l<\/strong><strong>\u012b<\/strong><strong>gumam neatbilsto<\/strong><strong>\u0161<\/strong><strong>u preci<\/strong><\/li>\n<\/ol>\n<p>Internetveikals ir atbild\u012bgs par Pirc\u0113jam p\u0101rdoto pre\u010du neatbilst\u012bbu l\u012bguma noteikumiem vai tr\u016bkumiem kas radusies 30 dienas laik\u0101 p\u0113c pre\u010du pieg\u0101des dienas klientam, vai bijusi pieg\u0101des br\u012bd\u012b, ja \u0161\u0101ds pie\u0146\u0113mums nav pretrun\u0101 ar lietas \u012bpa\u0161\u012bb\u0101m vai tr\u016bkumu. Pirc\u0113jam ir j\u0101inform\u0113 P\u0101rdev\u0113js par pre\u010du neatbilst\u012bbu nekav\u0113joties, 29 dienu laik\u0101 p\u0113c t\u0101s konstat\u0113\u0161anas, t.i., j\u0101iesniedz s\u016bdz\u012bba. Pirc\u0113js var iesniegt s\u016bdz\u012bbu, sazinoties ar internetveikalu, rakstot uz skersiela@inbox.lv.<\/p>\n<p>Internetveikals nav atbild\u012bgs par defektiem, kas radu\u0161ies p\u0113c pre\u010du pieg\u0101des Pirc\u0113jam. Ja ieg\u0101d\u0101taj\u0101m prec\u0113m ir tr\u016bkumi, par kuriem ir atbild\u012bgs P\u0101rdev\u0113js, Pirc\u0113jam ir ties\u012bbas piepras\u012bt pre\u010du tr\u016bkumu nov\u0113r\u0161anu vai apmai\u0146u pret jaun\u0101m prec\u0113m bez maksas.<\/p>\n<p>Ja preces nav iesp\u0113jams labot vai nomain\u012bt, P\u0101rdev\u0113js atdod Pirc\u0113jam visus Distances l\u012bgum\u0101 paredz\u0113tos maks\u0101jumus. P\u0101rdev\u0113js uz pat\u0113r\u0113t\u0101ja s\u016bdz\u012bbu sniedz rakstisku atbildi 15 dienu laik\u0101.<\/p>\n<ol start=\"8\">\n<li><strong> Pirc<\/strong><strong>\u0113<\/strong><strong>ja personas datu apstr<\/strong><strong>\u0101<\/strong><strong>de<\/strong><\/li>\n<\/ol>\n<p>Internetveikals apstr\u0101d\u0101 tikai tos personas datus, kurus pirc\u0113js ir ievad\u012bjis pie pre\u010du pas\u016bt\u012b\u0161anas, k\u0101 piem\u0113ram, v\u0101rds, uzv\u0101rds, e-pasts u.c.<\/p>\n<p>Internetveikals nodod personas datus transporta pakalpojumu sniedz\u0113jam\/iem, lai nodro\u0161in\u0101tu pre\u010du pieg\u0101di.<\/p>\n<p>Ja J\u016bs esat nep\u0101rprotami piekritis sa\u0146emt m\u016bsu m\u0101rketinga pazi\u0146ojumus, tostarp jaunumus, m\u0113s laiku pa laikam varam sazin\u0101ties ar Jums nos\u016btot inform\u0101ciju par m\u016bsu pakalpojumiem un jaun\u0101kajiem pied\u0101v\u0101jumiem. \u0160aj\u0101 nol\u016bk\u0101 m\u0113s varam apstr\u0101d\u0101t J\u016bsu e-pasta adresi, kuru nor\u0101d\u012bj\u0101t, pierakstoties m\u0101rketinga komunik\u0101cijai. Pirc\u0113jam ir iesp\u0113ja atteikties no m\u0101rketinga pazi\u0146ojumiem, pazi\u0146ojot par to mums, rakstot uz <a href=\"mailto:skersiela@inbox.lv\">skersiela@inbox.lv<\/a>.<\/p>\n<ol start=\"9\">\n<li><strong> Str<\/strong><strong>\u012b<\/strong><strong>du iz<\/strong><strong>\u0161<\/strong><strong>\u0137<\/strong><strong>ir<\/strong><strong>\u0161<\/strong><strong>anas k<\/strong><strong>\u0101<\/strong><strong>rt<\/strong><strong>\u012b<\/strong><strong>ba<\/strong><\/li>\n<\/ol>\n<p>Jaut\u0101jumos, kas nav atrun\u0101ti \u0161ajos noteikumos un nosac\u012bjumos, Pirc\u0113js un P\u0101rdev\u0113js ap\u0146emas iev\u0113rot Latvijas Republik\u0101 sp\u0113k\u0101 eso\u0161os normat\u012bvos aktus.<\/p>\n<p>Puses visus starp P\u0101rdev\u0113ju un Pirc\u0113ju radu\u0161os str\u012bdus risina savstapr\u0113ju sarunu vai sarakstes ce\u013c\u0101. Ja str\u012bdu neizdosies atrisin\u0101s sarunu vai sarakstes veid\u0101, Puses str\u012bdu risin\u0101s Latvijas Republikas ties\u0101, iev\u0113rojot LR normat\u012bvos aktus. Str\u012bdus starp Pirc\u0113ju (pat\u0113r\u0113t\u0101ju) un P\u0101rdev\u0113ju var nodot risin\u0101\u0161anai Pat\u0113r\u0113t\u0101ju ties\u012bbu aizsardz\u012bbas centr\u0101 vai Latvijas Republikas ties\u0101.<\/p>\n<p>Pirc\u0113jam ir ties\u012bbas v\u0113rsties ar\u012b Eiropas Savien\u012bbas str\u012bdu iz\u0161\u0137ir\u0161anas iest\u0101d\u0113s.<\/p>\n<p>Distances l\u012bgums izstr\u0101d\u0101ts 05.11.2021.<\/p>\t\t\t\t\t\t\t\t<\/div>\n\t\t\t\t<\/div>\n\t\t\t\t\t<\/div>\n\t\t<\/div>\n\t\t\t\t\t<\/div>\n\t\t<\/section>\n\t\t\t\t<\/div>","protected":false},"excerpt":{"rendered":"<p>IK&#8221;\u0160\u0136\u0112RSIELA&#8221;, re\u0123. nr.40002033311, adres\u0113 R\u012bga, Mellu\u017eu 7, bankas konts: LV33HABA0551038745103, turpm\u0101k \u2013 internetveikals \u2013 nodro\u0161ina m\u0101jas lap\u0101 pieejamo saturu un p\u0101rdod preces saska\u0146\u0101 ar zem\u0101k izkl\u0101st\u012btajiem Lieto\u0161anas noteikumiem. Visp\u0101r\u012bgie noteikumi Ja pat\u0113r\u0113t\u0101js, izmantojot m\u0101jas lapas starpniec\u012bbu ieg\u0101d\u0101jas preces, tad \u0161\u0101da savstarp\u0113ja vieno\u0161an\u0101s tiek uzskat\u012bta par Distances l\u012bgumu un ir pak\u013cauta Latvijas Republikas ties\u012bbu norm\u0101m, kas [&hellip;]<\/p>","protected":false},"author":1,"featured_media":0,"parent":0,"menu_order":0,"comment_status":"closed","ping_status":"closed","template":"","meta":{"site-sidebar-layout":"default","site-content-layout":"","ast-site-content-layout":"default","site-content-style":"default","site-sidebar-style":"default","ast-global-header-display":"","ast-banner-title-visibility":"","ast-main-header-display":"","ast-hfb-above-header-display":"","ast-hfb-below-header-display":"","ast-hfb-mobile-header-display":"","site-post-title":"","ast-breadcrumbs-content":"","ast-featured-img":"","footer-sml-layout":"","theme-transparent-header-meta":"","adv-header-id-meta":"","stick-header-meta":"","header-above-stick-meta":"","header-main-stick-meta":"","header-below-stick-meta":"","astra-migrate-meta-layouts":"default","ast-page-background-enabled":"default","ast-page-background-meta":{"desktop":{"background-color":"var(--ast-global-color-4)","background-image":"","background-repeat":"repeat","background-position":"center center","background-size":"auto","background-attachment":"scroll","background-type":"","background-media":"","overlay-type":"","overlay-color":"","overlay-opacity":"","overlay-gradient":""},"tablet":{"background-color":"","background-image":"","background-repeat":"repeat","background-position":"center center","background-size":"auto","background-attachment":"scroll","background-type":"","background-media":"","overlay-type":"","overlay-color":"","overlay-opacity":"","overlay-gradient":""},"mobile":{"background-color":"","background-image":"","background-repeat":"repeat","background-position":"center center","background-size":"auto","background-attachment":"scroll","background-type":"","background-media":"","overlay-type":"","overlay-color":"","overlay-opacity":"","overlay-gradient":""}},"ast-content-background-meta":{"desktop":{"background-color":"var(--ast-global-color-5)","background-image":"","background-repeat":"repeat","background-position":"center center","background-size":"auto","background-attachment":"scroll","background-type":"","background-media":"","overlay-type":"","overlay-color":"","overlay-opacity":"","overlay-gradient":""},"tablet":{"background-color":"var(--ast-global-color-5)","background-image":"","background-repeat":"repeat","background-position":"center center","background-size":"auto","background-attachment":"scroll","background-type":"","background-media":"","overlay-type":"","overlay-color":"","overlay-opacity":"","overlay-gradient":""},"mobile":{"background-color":"var(--ast-global-color-5)","background-image":"","background-repeat":"repeat","background-position":"center center","background-size":"auto","background-attachment":"scroll","background-type":"","background-media":"","overlay-type":"","overlay-color":"","overlay-opacity":"","overlay-gradient":""}},"footnotes":""},"class_list":["post-38","page","type-page","status-publish","hentry"],"_links":{"self":[{"href":"https:\/\/kapupiemineklis.lv\/ru\/wp-json\/wp\/v2\/pages\/38","targetHints":{"allow":["GET"]}}],"collection":[{"href":"https:\/\/kapupiemineklis.lv\/ru\/wp-json\/wp\/v2\/pages"}],"about":[{"href":"https:\/\/kapupiemineklis.lv\/ru\/wp-json\/wp\/v2\/types\/page"}],"author":[{"embeddable":true,"href":"https:\/\/kapupiemineklis.lv\/ru\/wp-json\/wp\/v2\/users\/1"}],"replies":[{"embeddable":true,"href":"https:\/\/kapupiemineklis.lv\/ru\/wp-json\/wp\/v2\/comments?post=38"}],"version-history":[{"count":4,"href":"https:\/\/kapupiemineklis.lv\/ru\/wp-json\/wp\/v2\/pages\/38\/revisions"}],"predecessor-version":[{"id":1438,"href":"https:\/\/kapupiemineklis.lv\/ru\/wp-json\/wp\/v2\/pages\/38\/revisions\/1438"}],"wp:attachment":[{"href":"https:\/\/kapupiemineklis.lv\/ru\/wp-json\/wp\/v2\/media?parent=38"}],"curies":[{"name":"wp","href":"https:\/\/api.w.org\/{rel}","templated":true}]}}