{"id":3,"date":"2021-10-21T20:20:44","date_gmt":"2021-10-21T20:20:44","guid":{"rendered":"http:\/\/kapupiemineklis.lv\/?page_id=3"},"modified":"2021-11-05T16:58:25","modified_gmt":"2021-11-05T16:58:25","slug":"%d0%bf%d0%be%d0%bb%d0%b8%d1%82%d0%b8%d0%ba%d0%b0-%d0%ba%d0%be%d0%bd%d1%84%d0%b8%d0%b4%d0%b5%d0%bd%d1%86%d0%b8%d0%b0%d0%bb%d1%8c%d0%bd%d0%be%d1%81%d1%82%d0%b8","status":"publish","type":"page","link":"https:\/\/kapupiemineklis.lv\/ru\/%d0%bf%d0%be%d0%bb%d0%b8%d1%82%d0%b8%d0%ba%d0%b0-%d0%ba%d0%be%d0%bd%d1%84%d0%b8%d0%b4%d0%b5%d0%bd%d1%86%d0%b8%d0%b0%d0%bb%d1%8c%d0%bd%d0%be%d1%81%d1%82%d0%b8\/","title":{"rendered":"Priv\u0101tuma politika"},"content":{"rendered":"<div data-elementor-type=\"wp-page\" data-elementor-id=\"3\" class=\"elementor elementor-3\">\n\t\t\t\t\t\t<section class=\"elementor-section elementor-top-section elementor-element elementor-element-6ba0fc8 elementor-section-boxed elementor-section-height-default elementor-section-height-default\" data-id=\"6ba0fc8\" data-element_type=\"section\">\n\t\t\t\t\t\t<div class=\"elementor-container elementor-column-gap-default\">\n\t\t\t\t\t<div class=\"elementor-column elementor-col-100 elementor-top-column elementor-element elementor-element-27558238\" data-id=\"27558238\" data-element_type=\"column\">\n\t\t\t<div class=\"elementor-widget-wrap elementor-element-populated\">\n\t\t\t\t\t\t<div class=\"elementor-element elementor-element-437378a3 elementor-widget elementor-widget-text-editor\" data-id=\"437378a3\" data-element_type=\"widget\" data-widget_type=\"text-editor.default\">\n\t\t\t\t<div class=\"elementor-widget-container\">\n\t\t\t\t\t\t\t\t\t<p>M\u016bsu m\u0101jaslapas adrese ir:\u00a0https:\/\/kapupiemineklis.lv\/<\/p>\n<p><strong><a href=\"https:\/\/kapupiemineklis.lv\/ru\/\">https:\/\/kapupiemineklis.lv\/<\/a><\/strong><strong> un t\u0101 kontaktinform\u0101cija<\/strong><br \/>Personas datu apstr\u0101des p\u0101rzinis ir IK \u0160\u0136\u0112RSIALA, turpm\u0101k \u2013 \u201ekapupiemineklis.lv\u201c.<br \/>kapupiemineklis.lv kontaktinform\u0101cija ar personas datu apstr\u0101di saist\u012btajos jaut\u0101jumos:\u00a0skersiela@inbox.lv. Izmantojot \u0161o kontaktinform\u0101ciju vai v\u0113r\u0161oties kapupiemineklis.lv juridiskaj\u0101 adres\u0113, var uzdot jaut\u0101jumu par personas datu apstr\u0101di.<br \/>\u00a0<br \/><strong>Priv\u0101tuma politikas m\u0113r\u0137is<\/strong><br \/>Priv\u0101tuma politikas m\u0113r\u0137is ir sniegt inform\u0101ciju par personas datu apstr\u0101des nol\u016bku, apjomu, aizsardz\u012bbu un apstr\u0101des termi\u0146iem.<br \/>Personas dati ir jebk\u0101da inform\u0101cija par identific\u0113tu vai identific\u0113jamu fizisku personu jeb kapupiemineklis.lv klientu,\u00a0 piem\u0113ram: v\u0101rds uzv\u0101rds, personas kods, dz\u012bves vietas vai pieg\u0101des adrese, person\u012bgais t\u0101lru\u0146a numurs, person\u012bgais e-pasts, nodarbo\u0161an\u0101s, sa\u0146emtie pakalpojumi, nor\u0113\u0137inu inform\u0101cija, telefonisk\u0101s, elektronisk\u0101s komunik\u0101cijas inform\u0101cija un cita inform\u0101cija, kas attiecin\u0101ma uz fizisku\u00a0 personu \u2013 kapupiemineklis.lv klientu.<br \/>\u00a0<br \/><strong>Piem\u0113ro\u0161anas sf\u0113ra<\/strong><br \/>Priv\u0101tuma politiku piem\u0113ro priv\u0101tuma un personas datu aizsardz\u012bbas nodro\u0161in\u0101\u0161anai attiec\u012bb\u0101 uz fiziskaj\u0101m person\u0101m jeb datu subjektiem (turpm\u0101k \u2013 Klienti):<\/p>\n<ul>\n<li>potenci\u0101lajiem, biju\u0161ajiem un eso\u0161ajiem klientiem un pirc\u0113jiem,<\/li>\n<li>lv interneta veikala apmekl\u0113t\u0101jiem.<\/li>\n<\/ul>\n<p>Priv\u0101tuma politika ir attiecin\u0101ma uz datu apstr\u0101di neatkar\u012bgi no t\u0101, k\u0101d\u0101 form\u0101 vai vid\u0113 Klients sniedz personas datus (internetveikal\u0101, pap\u012bra form\u0101t\u0101 vai elektroniski) un k\u0101d\u0101s sist\u0113m\u0101s vai pap\u012bra form\u0101 tie tiek apstr\u0101d\u0101ti.<\/p>\n<p><br \/><br \/>\u00a0<br \/><strong>Personas datu apstr\u0101des m\u0113r\u0137i (nol\u016bki)<\/strong><\/p>\n<p><br \/>kapupiemineklis.lv apstr\u0101d\u0101 personas datus \u0161\u0101diem m\u0113r\u0137iem (nol\u016bkiem):<\/p>\n<ul>\n<li>Pre\u010du p\u0101rdo\u0161anai un komercdarb\u012bbas nodro\u0161in\u0101\u0161anai:<\/li>\n<\/ul>\n<p>\u2013 klienta identific\u0113\u0161anai un apkalpo\u0161anai;<br \/>\u2013 pavadz\u012bmes vai r\u0113\u0137ina sagatavo\u0161anai;<br \/>\u2013 pre\u010du pieg\u0101dei (s\u016bt\u012b\u0161anai);<br \/>\u2013 pre\u010du atgrie\u0161anai vai mai\u0146ai;<br \/>\u2013 pirkuma naudas atgrie\u0161anai;<br \/>\u2013 garantijas saist\u012bbu izpildei;<br \/>\u2013 pre\u010du uzlabo\u0161anai, jaunu pre\u010du att\u012bst\u012bbai;<br \/>\u2013 komerci\u0101liem nol\u016bkiem \u2013 pre\u010du reklam\u0113\u0161anai un izplat\u012b\u0161anai;<br \/>\u2013 klientu s\u016bdz\u012bbu izskat\u012b\u0161anai un apstr\u0101dei;<br \/>\u2013 klientu notur\u0113\u0161anai<br \/>\u2013 lojalit\u0101tes cel\u0161anai jeb past\u0101v\u012bgo klientu priek\u0161roc\u012bbu (atlai\u017eu) pie\u0161\u0137ir\u0161anai;<br \/>\u2013 nor\u0113\u0137inu administr\u0113\u0161anai un atskai\u0161u sagatavo\u0161anai;<br \/>\u2013 m\u0101jaslapas un mobilo aplik\u0101ciju uztur\u0113\u0161anai un darb\u012bbas uzlabo\u0161anai;<br \/>\u2013 biznesa anal\u012bzei un pl\u0101no\u0161anai;<br \/>\u2013 statistikas veido\u0161anai, t\u012bmek\u013ca vietnes un pakalpojumu kvalit\u0101tes uzlabo\u0161anai;<br \/>\u2013 klientiem piel\u0101gota satura veido\u0161anai ar rekl\u0101mas pal\u012bdz\u012bbu.<\/p>\n<ul>\n<li>Inform\u0101cijas snieg\u0161anai valsts vai pa\u0161vald\u012bbu iest\u0101d\u0113m \u0101r\u0113jos normat\u012bvajos aktos noteiktajos gad\u012bjumos un apjom\u0101.<\/li>\n<\/ul>\n<p>\u00a0<br \/>\u00a0<br \/><strong>Personas datu apstr\u0101des tiesiskais pamats<\/strong><br \/>Klienta personas datu apstr\u0101des, ko veic kapupiemineklis.lv, tiesiskie (likum\u012bgie) pamati ir \u0161\u0101di:<\/p>\n<ul>\n<li>Klienta pieteikums vai pas\u016bt\u012bjums \u2013 lai izpild\u012btu Klienta pas\u016bt\u012bjumu (pirkumu), lai pieg\u0101d\u0101tu preci Klientam, atrieztu preci vai naudu, apmain\u012btu preci, izskat\u012btu Klienta s\u016bdz\u012bbu, izpild\u012btu garantijas saist\u012bbas utml.;<\/li>\n<li>normat\u012bvo aktu (likumu) izpildei \u2013 lai izpild\u012btu kapupiemineklis.lv saisto\u0161os normat\u012bvajos aktos (likumos) noteiktus pien\u0101kumus;<\/li>\n<li>Klienta piekri\u0161ana;<\/li>\n<li>likum\u012bg\u0101s intereses \u2013 lai realiz\u0113tu likum\u012bg\u0101s intereses, kas izriet no normat\u012bvajiem aktiem (likumiem) vai no kapupiemineklis.lv un Klienta starp\u0101 past\u0101vo\u0161aj\u0101m saist\u012bb\u0101m.<\/li>\n<\/ul>\n<p>kapupiemineklis.lv likum\u012bg\u0101s intereses ir:<\/p>\n<ul>\n<li>veikt komercdarb\u012bbu;<\/li>\n<li>veikt pre\u010du p\u0101rdo\u0161anu;<\/li>\n<li>nodro\u0161in\u0101t l\u012bguma saist\u012bbu izpildi;<\/li>\n<li>saglab\u0101t Klientu pieteikumus un iesniegumus par pre\u010du pirkumu, citus pieteikumus un iesniegumus, piez\u012bmes par tiem, t.sk., kas veikti mutiski, zvanot uz apkalpo\u0161anas t\u0101lru\u0146iem, interneta m\u0101jas lap\u0101;<\/li>\n<li>analiz\u0113t m\u0101jaslapas un interneta viet\u0146u darb\u012bbu, izstr\u0101d\u0101t un ieviest to uzlabojumus;<\/li>\n<li>administr\u0113t Klienta kontu m\u016bsu m\u0101jaslap\u0101;<\/li>\n<li>veikt darb\u012bbas Klientu notur\u0113\u0161anai;<\/li>\n<li>segment\u0113t klientu datu b\u0101zi pre\u010du efekt\u012bv\u0101kai p\u0101rdo\u0161anai;<\/li>\n<li>att\u012bst\u012bt preces sortimentu;<\/li>\n<li>reklam\u0113t savas preces, nos\u016btot komerci\u0101lus pazi\u0146ojumus;<\/li>\n<li>nos\u016bt\u012bt citus zi\u0146ojumus par pas\u016bt\u012bjuma vai saist\u012bbu izpildes gaitu un izpildei b\u016btiskiem nosac\u012bjumiem;<\/li>\n<li>nodro\u0161in\u0101t finan\u0161u un biznesa uzskaiti un anal\u012btiku;<\/li>\n<li>nodro\u0161in\u0101t un veicin\u0101t pre\u010du p\u0101rdo\u0161anas un pieg\u0101des efektivit\u0101ti;<\/li>\n<li>administr\u0113t maks\u0101jumus un neveiktus maks\u0101jumus;<\/li>\n<li>v\u0113rsties valsts vai pa\u0161vald\u012bbu iest\u0101d\u0113s un ties\u0101 savu tiesisko intere\u0161u aizsardz\u012bbai, k\u0101 ar\u012b p\u0113c juridisk\u0101s pal\u012bdz\u012bbas;<\/li>\n<\/ul>\n<p>\u00a0<br \/><strong>Personas datu apstr\u0101de<\/strong><br \/>kapupiemineklis.lv veic personas datu apstr\u0101di atbilsto\u0161i datu apstr\u0101des nol\u016bkiem (m\u0113r\u0137iem) un tiesiskiem pamatiem.<br \/>kapupiemineklis.lv apstr\u0101d\u0101 Klienta datus, izmantojot m\u016bsdienu tehnolo\u0123isk\u0101s iesp\u0113jas, \u0146emot v\u0113r\u0101 past\u0101vo\u0161os priv\u0101tuma riskus un sapr\u0101t\u012bgi pieejamos organizatoriskos, finansi\u0101los un tehniskos resursus.<br \/>Klienta atteikums sniegt kapupiemineklis.lv personas datus, kas ir oblig\u0101ti nepiecie\u0161ami noteikto darb\u012bbu izpildei, rada \u0161\u0137\u0113r\u0161\u013cus Klientam sa\u0146emt, bet mums izpild\u012bt noteikt\u0101s darb\u012bbas, piem\u0113ram: nopirkt\/p\u0101rdot preci interneta veikal\u0101, pas\u016bt\u012bt preces pieg\u0101di\/pieg\u0101d\u0101t preci, atgriezt preci, sa\u0146emt\/atmaks\u0101t pirkuma naudu, sa\u0146emt\/pie\u0161\u0137irt lojalit\u0101tes bonusus u.c.<br \/>Attiec\u012bb\u0101 uz Klientu kapupiemineklis.lv var veikt automatiz\u0113tu l\u0113mumu pie\u0146em\u0161anu, t.i. t\u0101du, kuras pamat\u0101 ir tikai automatiz\u0113ta apstr\u0101de, un kas notiek izmantojot tehnolo\u0123iskus l\u012bdzek\u013cus un bez cilv\u0113ka l\u012bdzdal\u012bbas. Klients var iebilst automatiz\u0113tu l\u0113mumu pie\u0146em\u0161anai; tas, atsevi\u0161\u0137os gad\u012bjumos, var ierobe\u017eot Klientu izmantot vai sa\u0146emt vi\u0146am pieejamas iesp\u0113jas (piem\u0113ram, pieteikt preces atgrie\u0161anu un pirkuma naudas atmaksu).\u00a0<br \/>Klienta pas\u016bt\u012bjumu (pirkumu) kvalitat\u012bvai un \u0101trai izpildei kapupiemineklis.lv var pilnvarot tre\u0161\u0101s personas jeb savus sadarb\u012bbas partnerus veikt atsevi\u0161\u0137as pre\u010du pieg\u0101des darb\u012bbas, k\u0101 piem\u0113ram, pirkto pre\u010du s\u016bt\u012b\u0161ana, r\u0113\u0137inu izs\u016bt\u012b\u0161anu utml. Ja \u0161o uzdevumu izpildei tre\u0161\u0101s personas jeb sadarb\u012bbas partneri apstr\u0101d\u0101 kapupiemineklis.lv r\u012bc\u012bb\u0101 eso\u0161os Klienta personas datus, attiec\u012bgas tre\u0161\u0101s personas vai sadarb\u012bbas partneri ir uzskat\u0101mi par apstr\u0101d\u0101t\u0101jiem un Kapupiemineklis.lv ir ties\u012bbas nodot vi\u0146iem uzdevumu izpildei vajadz\u012bgos Klienta personas datus t\u0101d\u0101 apm\u0113r\u0101, k\u0101 tas nepiecie\u0161ams konkr\u0113to darb\u012bbu veik\u0161anai.<br \/>\u00a0<br \/><strong>Personas datu nodo\u0161ana tre\u0161aj\u0101m person\u0101m un tre\u0161o valstu subjektiem<\/strong><br \/>Kapupiemineklis.lv neizpau\u017e tre\u0161aj\u0101m person\u0101m un nenodod Klienta personas datus vai jebk\u0101du citu inform\u0101ciju par Klientu apstr\u0101dei \u0101rpus Eiropas Savien\u012bbas un Eiropas Ekonomikas Zonas, iz\u0146emot:<\/p>\n<ul>\n<li>ja attiec\u012bgajai tre\u0161ajai personai dati j\u0101nodod nosl\u0113gt\u0101 l\u012bguma ietvaros, lai veiktu k\u0101du l\u012bguma izpildei nepiecie\u0161amu vai ar likumu dele\u0123\u0113tu funkciju (piem\u0113ram, bankai \u2013 nor\u0113\u0137inu ietvaros, vai, lai nodro\u0161in\u0101tu pakalpojumu, piem\u0113ram, lai pieg\u0101d\u0101tu preci ar kurjerpastu vai pakomatu);<\/li>\n<li>saska\u0146\u0101 ar Klienta nep\u0101rprotamu un br\u012bvpr\u0101t\u012bgu piekri\u0161anu;<\/li>\n<li>normat\u012bvajos aktos (likum\u0101) noteiktaj\u0101m person\u0101m, noteiktajos gad\u012bjumos, noteiktaj\u0101 k\u0101rt\u012bb\u0101 un apjom\u0101;<\/li>\n<li>lv likum\u012bgo intere\u0161u aizsardz\u012bbai, piem\u0113ram, v\u0113r\u0161oties ties\u0101 vai cit\u0101s valsts instit\u016bcij\u0101s pret personu, kura ir aizsk\u0101rusi kapupiemineklis.lv likum\u012bg\u0101s intereses.<\/li>\n<\/ul>\n<p>\u00a0<br \/><strong>Personas datu aizsardz\u012bba<\/strong><br \/>Kapupiemineklis.lv aizsarg\u0101 Klienta datus, izmantojot m\u016bsdienu tehnolo\u0123iju iesp\u0113jas, \u0146emot v\u0113r\u0101 past\u0101vo\u0161os priv\u0101tuma riskus un kapupiemineklis.lv sapr\u0101t\u012bgi pieejamos organizatoriskos, finansi\u0101los un tehniskos resursus, taj\u0101 skait\u0101 izmantojot \u0161\u0101dus dro\u0161\u012bbas pas\u0101kumus:<\/p>\n<ul>\n<li>Datu \u0161ifr\u0113\u0161anu, p\u0101rraidot datus (SSL \u0161ifr\u0113\u0161ana);<\/li>\n<li>Ielau\u0161an\u0101s aizsardz\u012bbas un atkl\u0101\u0161anas programmas;<\/li>\n<li>Citus aizsardz\u012bbas pas\u0101kumus atbilsto\u0161i aktu\u0101laj\u0101m tehnikas att\u012bst\u012bbas iesp\u0113j\u0101m.<\/li>\n<\/ul>\n<p>\u00a0<br \/><strong>Personas datu glab\u0101\u0161anas ilgums<\/strong><br \/>Kapupiemineklis.lv glab\u0101 un apstr\u0101d\u0101 Klienta personas datus, kam\u0113r past\u0101v viens no \u0161iem pamatiem:<\/p>\n<ul>\n<li>kam\u0113r normat\u012bvajos aktos (likum\u0101) noteiktaj\u0101 k\u0101rt\u012bb\u0101 vai Klients var realiz\u0113t savas tiesisk\u0101s intereses (piem\u0113ram, iesniegt iebildumus vai celt vai vest pras\u012bbu ties\u0101);<\/li>\n<li>kam\u0113r past\u0101v normat\u012bvajos aktos (likum\u0101) noteiktais pien\u0101kums datus glab\u0101t;<\/li>\n<li>kam\u0113r ir sp\u0113k\u0101 Klienta piekri\u0161ana attiec\u012bgai personas datu apstr\u0101dei, ja nepast\u0101v cits datu apstr\u0101des likum\u012bgais pamats.<\/li>\n<\/ul>\n<p>Kad \u0161eit min\u0113tie apst\u0101k\u013ci izbeidzas, Klienta personas dati tiek dz\u0113sti.<br \/>\u00a0<br \/><strong>Piek\u013cuve personas datiem un citas Klienta ties\u012bbas<\/strong><br \/>Klientam ir ties\u012bbas:<\/p>\n<ul>\n<li>saska\u0146\u0101 ar normat\u012bvajiem aktiem piepras\u012bt piek\u013cuvi saviem personas datiem,<\/li>\n<li>piepras\u012bt veikt personas datu papildin\u0101\u0161anu, labo\u0161anu vai dz\u0113\u0161anu, vai apstr\u0101des ierobe\u017eo\u0161anu attiec\u012bb\u0101 uz Klientu,<\/li>\n<li>iebilst pret apstr\u0101di (taj\u0101 skait\u0101 pret personas datu apstr\u0101di, kas veikta pamatojoties uz kapupiemineklis.lv likum\u012bgaj\u0101m interes\u0113m),<\/li>\n<li>uz datu p\u0101rnesam\u012bbu.<\/li>\n<\/ul>\n<p>\u0160\u012bs ties\u012bbas \u012bstenojamas, cikt\u0101l datu apstr\u0101de neizriet no kapupiemineklis.lv pien\u0101kumiem, kas tai ir uzlikti ar sp\u0113k\u0101 eso\u0161ajiem \u0101r\u0113jiem normat\u012bvajiem aktiem, un kuri tiek veikti sabiedr\u012bbas interes\u0113s.<br \/>Klients var iesniegt piepras\u012bjumu par savu ties\u012bbu \u012bsteno\u0161anu:<\/p>\n<ul>\n<li>rakstveida form\u0101 kl\u0101tien\u0113<\/li>\n<li>maumtirdzniec\u012bbas veikalos, uzr\u0101dot personu apliecino\u0161u dokumentu;<\/li>\n<li>elektronisk\u0101 pasta veid\u0101, parakstot ar dro\u0161u elektronisko parakstu;<\/li>\n<\/ul>\n<p>\u00a0<\/p>\n<p><strong>S\u012bkdat\u0146u apstr\u0101de<\/strong><br \/>Kapupiemineklis.lv \u00a0t\u012bmek\u013ca vietne (interneta veikals) var izmantot s\u012bkdatnes. M\u016bsu t\u012bmek\u013ca vietn\u0113 var tikt ievietotas saites uz tre\u0161o personu interneta m\u0101jaslap\u0101m, kur\u0101m ir savi lieto\u0161anas un personas datu aizsardz\u012bbas noteikumi, par ko kapupiemineklis.lv nenes atbild\u012bbu.<br \/>Apmekl\u0113jot kapupiemineklis.lv t\u012bmek\u013ca vietni lietot\u0101jam tiek att\u0113lots logs ar zi\u0146ojumu par to, ka t\u012bmek\u013ca vietn\u0113 tiek izmantotas s\u012bkdatnes. Aizverot \u0161o zi\u0146ojuma logu, lietot\u0101js apstiprina, ka ir iepazinies ar inform\u0101ciju par s\u012bkdatn\u0113m un tiem piekr\u012bt. Ikvienas t\u012bmek\u013ca p\u0101rl\u016bkprogrammas dro\u0161\u012bbas iestat\u012bjumos iesp\u0113jama s\u012bkdat\u0146u ierobe\u017eo\u0161ana un dz\u0113\u0161ana. Tom\u0113r j\u0101\u0146em v\u0113r\u0101, ka nevar atteikties no oblig\u0101to un funkcion\u0101lo s\u012bkdat\u0146u lieto\u0161anas, jo bez t\u0101m vietnes un m\u0101jaslapas pilnv\u0113rt\u012bgas lieto\u0161anas nodro\u0161in\u0101\u0161ana nav iesp\u0113jama.<br \/>Kapupiemineklis.lv interneta veikal\u0101 (t\u012bmek\u013ca vietn\u0113) tiek izmantoti s\u012bkfaili, identific\u0113jot lietot\u0101jus k\u0101 unik\u0101las, bet anon\u012bmas personas. S\u012bkfailu lieto\u0161ana pal\u012bdz kapupiemineklis.lv uzlabot sniegtos pakalpojumus, piem\u0113ram, saglab\u0101jot Klienta apskat\u012bto pre\u010du sarakstu. S\u012bkfailu lieto\u0161ana pal\u012bdz re\u0123istr\u0113t apmekl\u0113t\u0101ju skaitu un apkopot statistiku un inform\u0101ciju par apskat\u012bto preci vai pirkumiem. Visi \u0161ie dati tiek apkopoti anon\u012bmi, tas noz\u012bm\u0113, ka m\u0113s nevaram savienot datus ar individu\u0101lu lietot\u0101ju vai autentific\u0113tu lietot\u0101ju, kas pieteicies vietn\u0113 ar m\u016bsu tie\u0161saistes autentifik\u0101cijas pakalpojumu.\u00a0<br \/>\u00a0<br \/><strong>Groz\u012bjumi Priv\u0101tuma politik\u0101<\/strong><br \/>Kapupiemineklis.lv ir ties\u012bbas vienpus\u0113ji groz\u012bt Priv\u0101tuma politiku, padarot pieejamu Klientam t\u0101 aktu\u0101lo versiju.<\/p>\n<p>Priv\u0101tuma politika aktualiz\u0113ta 5\/11\/2021.<\/p>\n<p>\u00a0<\/p>\t\t\t\t\t\t\t\t<\/div>\n\t\t\t\t<\/div>\n\t\t\t\t\t<\/div>\n\t\t<\/div>\n\t\t\t\t\t<\/div>\n\t\t<\/section>\n\t\t\t\t<\/div>","protected":false},"excerpt":{"rendered":"<p>M\u016bsu m\u0101jaslapas adrese ir:\u00a0https:\/\/kapupiemineklis.lv\/ https:\/\/kapupiemineklis.lv\/ un t\u0101 kontaktinform\u0101cijaPersonas datu apstr\u0101des p\u0101rzinis ir IK \u0160\u0136\u0112RSIALA, turpm\u0101k \u2013 \u201ekapupiemineklis.lv\u201c.kapupiemineklis.lv kontaktinform\u0101cija ar personas datu apstr\u0101di saist\u012btajos jaut\u0101jumos:\u00a0skersiela@inbox.lv. Izmantojot \u0161o kontaktinform\u0101ciju vai v\u0113r\u0161oties kapupiemineklis.lv juridiskaj\u0101 adres\u0113, var uzdot jaut\u0101jumu par personas datu apstr\u0101di.\u00a0Priv\u0101tuma politikas m\u0113r\u0137isPriv\u0101tuma politikas m\u0113r\u0137is ir sniegt inform\u0101ciju par personas datu apstr\u0101des nol\u016bku, apjomu, aizsardz\u012bbu un apstr\u0101des [&hellip;]<\/p>","protected":false},"author":1,"featured_media":0,"parent":0,"menu_order":0,"comment_status":"closed","ping_status":"closed","template":"","meta":{"site-sidebar-layout":"default","site-content-layout":"","ast-site-content-layout":"default","site-content-style":"default","site-sidebar-style":"default","ast-global-header-display":"","ast-banner-title-visibility":"","ast-main-header-display":"","ast-hfb-above-header-display":"","ast-hfb-below-header-display":"","ast-hfb-mobile-header-display":"","site-post-title":"","ast-breadcrumbs-content":"","ast-featured-img":"","footer-sml-layout":"","theme-transparent-header-meta":"","adv-header-id-meta":"","stick-header-meta":"","header-above-stick-meta":"","header-main-stick-meta":"","header-below-stick-meta":"","astra-migrate-meta-layouts":"default","ast-page-background-enabled":"default","ast-page-background-meta":{"desktop":{"background-color":"var(--ast-global-color-4)","background-image":"","background-repeat":"repeat","background-position":"center center","background-size":"auto","background-attachment":"scroll","background-type":"","background-media":"","overlay-type":"","overlay-color":"","overlay-opacity":"","overlay-gradient":""},"tablet":{"background-color":"","background-image":"","background-repeat":"repeat","background-position":"center center","background-size":"auto","background-attachment":"scroll","background-type":"","background-media":"","overlay-type":"","overlay-color":"","overlay-opacity":"","overlay-gradient":""},"mobile":{"background-color":"","background-image":"","background-repeat":"repeat","background-position":"center center","background-size":"auto","background-attachment":"scroll","background-type":"","background-media":"","overlay-type":"","overlay-color":"","overlay-opacity":"","overlay-gradient":""}},"ast-content-background-meta":{"desktop":{"background-color":"var(--ast-global-color-5)","background-image":"","background-repeat":"repeat","background-position":"center center","background-size":"auto","background-attachment":"scroll","background-type":"","background-media":"","overlay-type":"","overlay-color":"","overlay-opacity":"","overlay-gradient":""},"tablet":{"background-color":"var(--ast-global-color-5)","background-image":"","background-repeat":"repeat","background-position":"center center","background-size":"auto","background-attachment":"scroll","background-type":"","background-media":"","overlay-type":"","overlay-color":"","overlay-opacity":"","overlay-gradient":""},"mobile":{"background-color":"var(--ast-global-color-5)","background-image":"","background-repeat":"repeat","background-position":"center center","background-size":"auto","background-attachment":"scroll","background-type":"","background-media":"","overlay-type":"","overlay-color":"","overlay-opacity":"","overlay-gradient":""}},"footnotes":""},"class_list":["post-3","page","type-page","status-publish","hentry"],"_links":{"self":[{"href":"https:\/\/kapupiemineklis.lv\/ru\/wp-json\/wp\/v2\/pages\/3","targetHints":{"allow":["GET"]}}],"collection":[{"href":"https:\/\/kapupiemineklis.lv\/ru\/wp-json\/wp\/v2\/pages"}],"about":[{"href":"https:\/\/kapupiemineklis.lv\/ru\/wp-json\/wp\/v2\/types\/page"}],"author":[{"embeddable":true,"href":"https:\/\/kapupiemineklis.lv\/ru\/wp-json\/wp\/v2\/users\/1"}],"replies":[{"embeddable":true,"href":"https:\/\/kapupiemineklis.lv\/ru\/wp-json\/wp\/v2\/comments?post=3"}],"version-history":[{"count":7,"href":"https:\/\/kapupiemineklis.lv\/ru\/wp-json\/wp\/v2\/pages\/3\/revisions"}],"predecessor-version":[{"id":1433,"href":"https:\/\/kapupiemineklis.lv\/ru\/wp-json\/wp\/v2\/pages\/3\/revisions\/1433"}],"wp:attachment":[{"href":"https:\/\/kapupiemineklis.lv\/ru\/wp-json\/wp\/v2\/media?parent=3"}],"curies":[{"name":"wp","href":"https:\/\/api.w.org\/{rel}","templated":true}]}}